{"id":607,"date":"2022-03-16T09:57:03","date_gmt":"2022-03-16T07:57:03","guid":{"rendered":"https:\/\/www.water-taxi.fr\/?page_id=607"},"modified":"2022-03-16T09:57:04","modified_gmt":"2022-03-16T07:57:04","slug":"terms-of-use","status":"publish","type":"page","link":"https:\/\/www.water-taxi.fr\/en\/terms-of-use\/","title":{"rendered":"Terms of use"},"content":{"rendered":"<div class=\"fusion-fullwidth fullwidth-box fusion-builder-row-1 fusion-flex-container gradient-container-1 nonhundred-percent-fullwidth non-hundred-percent-height-scrolling\" style=\"--awb-border-radius-top-left:0px;--awb-border-radius-top-right:0px;--awb-border-radius-bottom-right:0px;--awb-border-radius-bottom-left:0px;--awb-padding-top:50px;--awb-padding-bottom:50px;--awb-flex-wrap:wrap;\" ><div class=\"fusion-builder-row fusion-row fusion-flex-align-items-flex-start fusion-flex-content-wrap\" style=\"max-width:1248px;margin-left: calc(-4% \/ 2 );margin-right: calc(-4% \/ 2 );\"><div class=\"fusion-layout-column fusion_builder_column fusion-builder-column-0 fusion_builder_column_1_1 1_1 fusion-flex-column\" style=\"--awb-bg-size:cover;--awb-width-large:100%;--awb-margin-top-large:0px;--awb-spacing-right-large:1.92%;--awb-margin-bottom-large:20px;--awb-spacing-left-large:1.92%;--awb-width-medium:100%;--awb-order-medium:0;--awb-spacing-right-medium:1.92%;--awb-spacing-left-medium:1.92%;--awb-width-small:100%;--awb-order-small:0;--awb-spacing-right-small:1.92%;--awb-spacing-left-small:1.92%;\"><div class=\"fusion-column-wrapper fusion-column-has-shadow fusion-flex-justify-content-flex-start fusion-content-layout-column\"><div class=\"fusion-text fusion-text-1\"><p>R\u00e9pr\u00e9sentant l\u00e9gal: ANENCA SARL<\/p>\n<div><\/div>\n<div>WATER TAXI ANNECY<\/div>\n<div>3621 Route d&#8217;Albertville<\/div>\n<div>74320 S\u00e9vrier<\/div>\n<div><\/div>\n<div>SIRET : 51435799500042<\/div>\n<div><\/div>\n<div>Immatriculation au registre des M\u00e9tiers RCS n\u00b0 511 399 271<br \/>\nAssurance RC Pro Groupama Transport 5115563<\/div>\n<p>Art 1: Vous pouvez r\u00e9server une croisi\u00e8re, le Bateau taxi, et toutes autres prestations par t\u00e9l\u00e9phone, email ou courrier.<\/p>\n<p>Art 2: Pour r\u00e9server une croisi\u00e8re, le Bateau Taxi et toutes autres prestations vous devez remplir le formulaire de r\u00e9servation accompagn\u00e9 du versement d\u2019un acompte de 30% de la prestation choisie. La r\u00e9servation sera consid\u00e9r\u00e9e comme accept\u00e9e suite \u00e0 l\u2019envoi de la confirmation de r\u00e9servation par WATER TAXI ANNECY. Tout passager signant un contrat au nom d\u2019un groupe de personnes d\u00e9clare et garanti qu\u2019il est autoris\u00e9 \u00e0 le faire par ces personnes.<\/p>\n<p>Art 3: Le prix de la croisi\u00e8re, et toutes autres prestations doivent \u00eatre r\u00e9gl\u00e9es en EUROS. Le solde de la prestation doit nous parvenir 30 jours avant la date de d\u00e9part. En cas de r\u00e9servation effectu\u00e9e dans les 30 jours pr\u00e9c\u00e9dent le d\u00e9part, la totalit\u00e9 de la somme devra \u00eatre vers\u00e9e en m\u00eame temps que la r\u00e9servation.<br \/>\nLe prix de la prestation pourra \u00eatre pay\u00e9 juste avant d\u2019embarquer.<\/p>\n<p>Art 4: Le tarif n\u2019incluant pas les assurances personnelles, bagages et annulation de voyage, nous recommandons \u00e0 nos passagers de v\u00e9rifier aupr\u00e8s de leur assureur que leurs contrats couvrent ces risques.<\/p>\n<p>Art 5: En cas d\u2019annulation, notifi\u00e9 par \u00e9crit, faite par le client, les indemnit\u00e9s dues par les clients sont les suivantes:<br \/>\n&#8211; plus de 30 jours avant le d\u00e9part, la prestation sera rembours\u00e9e moins une charge administrative de 150 EUROS.<br \/>\n&#8211; de 29 \u00e0 15 jours avant le d\u00e9part, 30% du montant de la prestation sera d\u00fb avec un minimum de 150 \u20ac<br \/>\n&#8211; moins de 14 jours avant le d\u00e9part, 50% du montant de la prestation sera d\u00fb avec un minimum de 150 \u20ac.<\/p>\n<p>Art 6: Nous nous r\u00e9servons le droit de modifier tout ou partie de l\u2019itin\u00e9raire en fonction de circonstances impr\u00e9vues comme mauvaise m\u00e9t\u00e9o, arr\u00eat de la navigation par les autorit\u00e9s, pannes des ouvrages et autres. La dur\u00e9e du trajet est donn\u00e9e \u00e0 titre indicatif, elle peut donc varier. Nos prestations seront confirm\u00e9es au plus t\u00f4t dans les 4 jours pr\u00e9c\u00e9dents, d\u00e8s que nous disposons d\u2019un bulletin m\u00e9t\u00e9orologique favorable et fiable. La responsabilit\u00e9 du transporteur maritime est r\u00e9gie par la loi du 18 Juin 1966, modifi\u00e9e par celle du 21 D\u00e9cembre 1979, du 23 D\u00e9cembre 1986 et du 1er D\u00e9cembre 1988 ; elle ne saurait \u00eatre engag\u00e9e en cas de modification d\u2019horaire ou suppression de d\u00e9parts pour cause de force majeure fortuite ou autre. Bien s\u00fbr nous nous engageons \u00e0 informer nos passagers aussit\u00f4t que possible dans ces cas l\u00e0.<\/p>\n<p>Art 7: WATER TAXI ANNECY\u00a0 se r\u00e9serve le droit de refuser une r\u00e9servation sans avoir \u00e0 justifier son refus. La mont\u00e9e \u00e0 bord des enfants est sous l\u2019enti\u00e8re responsabilit\u00e9 des parents ou de la personne l\u2019accompagnent, le port du gilet est obligatoire.<\/p>\n<p>Art 8: Pour le confort et la s\u00e9curit\u00e9 il est interdit de fumer sur le bateau.<\/p>\n<p>Art 9: En r\u00e9servant une prestation, nos passagers reconnaissent l\u2019existence de risque en voyageant par bateau, mais non limit\u00e9s, glissade, chute, blessure, d\u00e9c\u00e8s ou dommages personnels. Les passagers reconnaissent que WATER TAXI ANNECY n\u2019est pas responsable en cas de blessures, maladies, d\u00e9c\u00e8s ou perte d\u2019objets personnels. La baignade est autoris\u00e9e durant les escales, sous votre seule responsabilit\u00e9. En aucun cas le pr\u00eat de mat\u00e9riel de baignade ne peut \u00eatre assimil\u00e9 \u00e0 une activit\u00e9 nautique encadr\u00e9e.<\/p>\n<p>Art 10: Le prix de la prestation est calcul\u00e9 pour 6 ou 12 passagers, si vous \u00eates moins nombreux, le co\u00fbt total de la prestation sera r\u00e9parti entre les passagers. Chaque destination repr\u00e9sente un aller-retour pour le bateau qui doit revenir \u00e0 son port d\u2019attache.<\/p>\n<p>Art 11: Toutes les prestations ont un co\u00fbt fixe commun incluant la pr\u00e9paration puis le rangement du bateau et les manoeuvres portuaires. C\u2019est ce qui explique que les tarifs ne sont pas proportionnels aux distances parcourues. De plus nos prix sont li\u00e9s \u00e0 la variation du co\u00fbt du carburant.<\/p>\n<div>\n<p>Art 12 : A titre de r\u00e9f\u00e9rences et d\u2019actions publicitaires, la compagnie est autoris\u00e9e \u00e0 reproduire ou diffuser tout ou partie de \u00a0donn\u00e9es de l\u2019\u00e9v\u00e9nement sur son site internet ou sur tout autre support de communication dont elle pourrait faire \u00a0usage ; en particulier la d\u00e9nomination sociale du client ou le nom de la marque du client, le logo du client ou de la marque du client, les reportages photographiques et vid\u00e9os, les t\u00e9moignages \u00e9crits ou \u00a0audio.<\/p>\n<p>Le client d\u00e9clare avoir recueilli les autorisations Expresses des tiers figurant dans les donn\u00e9es de l\u2019\u00e9v\u00e9nement, notamment celles des parents ou tuteurs pour les mineurs, et d\u00e9gager ainsi la compagnie de tout recours de tiers \u00e0 son encontre visant \u00e0 interdire la publication de donn\u00e9es de l\u2019\u00e9v\u00e9nement ou \u00e0 demander des dommages et int\u00e9r\u00eats.<\/p>\n<p>Par ailleurs, dans le cadre de l\u2019utilisation et de la diffusion par le client de photos, vid\u00e9os, extraits \u00e9crits ou audio issus de l\u2019\u00e9v\u00e9nement dont l\u2019organisation a \u00e9t\u00e9 confi\u00e9e \u00e0 la compagnie, le client s\u2019engage \u00e0 indiquer syst\u00e9matiquement la mention \u00abOrganisation : Water Taxi Annecy \u00bb.<\/p>\n<\/div>\n<\/div><\/div><\/div><\/div><\/div>\n","protected":false},"excerpt":{"rendered":"","protected":false},"author":1,"featured_media":0,"parent":0,"menu_order":0,"comment_status":"closed","ping_status":"closed","template":"","meta":{"inline_featured_image":false,"footnotes":""},"class_list":["post-607","page","type-page","status-publish","hentry"],"_links":{"self":[{"href":"https:\/\/www.water-taxi.fr\/en\/wp-json\/wp\/v2\/pages\/607","targetHints":{"allow":["GET"]}}],"collection":[{"href":"https:\/\/www.water-taxi.fr\/en\/wp-json\/wp\/v2\/pages"}],"about":[{"href":"https:\/\/www.water-taxi.fr\/en\/wp-json\/wp\/v2\/types\/page"}],"author":[{"embeddable":true,"href":"https:\/\/www.water-taxi.fr\/en\/wp-json\/wp\/v2\/users\/1"}],"replies":[{"embeddable":true,"href":"https:\/\/www.water-taxi.fr\/en\/wp-json\/wp\/v2\/comments?post=607"}],"version-history":[{"count":0,"href":"https:\/\/www.water-taxi.fr\/en\/wp-json\/wp\/v2\/pages\/607\/revisions"}],"wp:attachment":[{"href":"https:\/\/www.water-taxi.fr\/en\/wp-json\/wp\/v2\/media?parent=607"}],"curies":[{"name":"wp","href":"https:\/\/api.w.org\/{rel}","templated":true}]}}