{"id":606,"date":"2022-03-16T09:56:09","date_gmt":"2022-03-16T07:56:09","guid":{"rendered":"https:\/\/www.water-taxi.fr\/?page_id=606"},"modified":"2022-12-22T11:19:44","modified_gmt":"2022-12-22T09:19:44","slug":"credits","status":"publish","type":"page","link":"https:\/\/www.water-taxi.fr\/en\/credits\/","title":{"rendered":"Credits"},"content":{"rendered":"<div class=\"fusion-fullwidth fullwidth-box fusion-builder-row-1 fusion-flex-container gradient-container-1 nonhundred-percent-fullwidth non-hundred-percent-height-scrolling\" style=\"--awb-border-radius-top-left:0px;--awb-border-radius-top-right:0px;--awb-border-radius-bottom-right:0px;--awb-border-radius-bottom-left:0px;--awb-padding-top:50px;--awb-padding-bottom:50px;--awb-flex-wrap:wrap;\" ><div class=\"fusion-builder-row fusion-row fusion-flex-align-items-flex-start fusion-flex-content-wrap\" style=\"max-width:1248px;margin-left: calc(-4% \/ 2 );margin-right: calc(-4% \/ 2 );\"><div class=\"fusion-layout-column fusion_builder_column fusion-builder-column-0 fusion_builder_column_1_1 1_1 fusion-flex-column\" style=\"--awb-bg-size:cover;--awb-width-large:100%;--awb-margin-top-large:0px;--awb-spacing-right-large:1.92%;--awb-margin-bottom-large:20px;--awb-spacing-left-large:1.92%;--awb-width-medium:100%;--awb-order-medium:0;--awb-spacing-right-medium:1.92%;--awb-spacing-left-medium:1.92%;--awb-width-small:100%;--awb-order-small:0;--awb-spacing-right-small:1.92%;--awb-spacing-left-small:1.92%;\"><div class=\"fusion-column-wrapper fusion-column-has-shadow fusion-flex-justify-content-flex-start fusion-content-layout-column\"><div class=\"fusion-text fusion-text-1\" style=\"--awb-text-transform:none;\"><p><strong>Repr\u00e9sentant l\u00e9gal : ANENCA SARL<\/strong><\/p>\n<div>\n<p>Pour toute question, vous pouvez nous contacter \u00e0 l\u2019adresse postale ci-dessous ou par mail :<\/p>\n<div>WATER TAXI<\/div>\n<div><\/div>\n<div>3621 Route d&#8217;Albertville<\/div>\n<div><\/div>\n<div>74320 Sevrier<\/div>\n<div><\/div>\n<div>+33 (0)6 28 05 74 87 \/ + 33 (0)6 12 43 10 87<\/div>\n<div><\/div>\n<div><a href=\"mailto:info@water-taxi.fr\">info@water-taxi.fr<\/a><\/div>\n<div><\/div>\n<\/div>\n<div>\n<p>Le site Internet est d\u00e9velopp\u00e9 et h\u00e9berg\u00e9 par :<\/p>\n<p>BOONDOOA Cr\u00e9ations<br \/>\n3 Avenue du Pr\u00e9-F\u00e9lin<br \/>\n74940 ANNECY LE VIEUX<br \/>\nT\u00e9l : 04 50 05 81 24<br \/>\n<a title=\"Boondooa creations agence internet annecy\" href=\"https:\/\/www.boondooa.com\/\" target=\"_blank\" rel=\"noopener\">BOONDOOA Cr\u00e9ations, agence internet annecy<\/a><\/p>\n<\/div>\n<div><\/div>\n<h2>Informations<\/h2>\n<ul>\n<li style=\"list-style-type: none;\">\n<ul>\n<li class=\"puce1\">Toutes les donn\u00e9es incluses dans ce site (textes, photographies, illustrations, ic\u00f4nes, animations, bases de donn\u00e9es, etc&#8230;) sont la propri\u00e9t\u00e9 exclusive de la soci\u00e9t\u00e9\u00a0<strong>Water Taxi<\/strong>, ou font l&#8217;objet d&#8217;une autorisation sp\u00e9cifique d&#8217;utilisation pour la soci\u00e9t\u00e9\u00a0<strong>Water Taxi<\/strong><\/li>\n<\/ul>\n<\/li>\n<\/ul>\n<ul>\n<li style=\"list-style-type: none;\">\n<ul>\n<li class=\"puce1\">Les informations sur les services et leurs caract\u00e9ristiques correspondent \u00e0 une d\u00e9finition au moment de la mise en ligne ou des mises \u00e0 jour des diff\u00e9rentes pages du site ; elles ne sont donn\u00e9es qu&#8217;\u00e0 titre indicatif et ne peuvent \u00eatre consid\u00e9r\u00e9es comme contractuelles.<\/li>\n<\/ul>\n<\/li>\n<\/ul>\n<ul>\n<li style=\"list-style-type: none;\">\n<ul>\n<li class=\"puce1\">La soci\u00e9t\u00e9\u00a0<strong>Water Taxi<\/strong>\u00a0se r\u00e9serve le droit de modifier sans pr\u00e9avis les informations pr\u00e9sent\u00e9es, sans \u00eatre tenu de mettre \u00e0 jour ce document. Si, malgr\u00e9 le soin apport\u00e9 dans la r\u00e9alisation de ce site Internet, vous pensez qu&#8217;il comporte une erreur, n&#8217;h\u00e9sitez pas \u00e0 nous contacter<\/li>\n<\/ul>\n<\/li>\n<\/ul>\n<ul>\n<li style=\"list-style-type: none;\">\n<ul>\n<li class=\"puce1\">En acc\u00e9dant au site de\u00a0<strong>Water Taxi<\/strong>, vous acceptez de vous conformer au code fran\u00e7ais de la propri\u00e9t\u00e9 intellectuelle et plus g\u00e9n\u00e9ralement aux trait\u00e9s et accords internationaux comportant des dispositions relatives \u00e0 la protection des droits d&#8217;auteur. C&#8217;est ainsi que vous vous interdisez de : t\u00e9l\u00e9charger, reproduire int\u00e9gralement ou partiellement, vendre, distribuer, \u00e9mettre, publier et communiquer sous quelque forme que ce soit les donn\u00e9es ou les \u0153uvres prot\u00e9g\u00e9es par le droit d&#8217;auteur qui figure sur le site de\u00a0<strong>Water Taxi<\/strong>\u00a0sans autorisation \u00e9crite particuli\u00e8re et pr\u00e9alable du d\u00e9tenteur des droits d&#8217;auteur attach\u00e9s \u00e0 l&#8217;\u0153uvre ou \u00e0 la donn\u00e9e reproduite.<\/li>\n<\/ul>\n<\/li>\n<\/ul>\n<ul>\n<li style=\"list-style-type: none;\">\n<ul>\n<li class=\"puce1\">Dans le cadre de certaines de nos rubriques, il peut vous \u00eatre demand\u00e9 de nous communiquer volontairement des informations \u00e0 caract\u00e8re personnel telles que vos nom, adresse et adresse e-mail. Ces informations sont n\u00e9cessaires pour nous permettre de r\u00e9pondre \u00e0 vos commentaires ou demandes de renseignements. Notez bien qu&#8217;il n&#8217;est pas dans notre intention de vous adresser spontan\u00e9ment des e-mails, c&#8217;est-\u00e0-dire sans que vous n&#8217;ayez sollicit\u00e9 une r\u00e9ponse de notre part.<\/li>\n<\/ul>\n<\/li>\n<\/ul>\n<ul>\n<li style=\"list-style-type: none;\">\n<ul>\n<li class=\"puce1\">Chaque visiteur de ce Site qui fournit des informations \u00e0 la soci\u00e9t\u00e9\u00a0<strong>Water Taxi<\/strong>\u00a0consent \u00e0 celle-ci l&#8217;int\u00e9gralit\u00e9 des droits transf\u00e9rables relatifs \u00e0 ces informations et l&#8217;autorise \u00e0 en faire l&#8217;usage qui lui plaira. Les informations ainsi fournies par les visiteurs seront consid\u00e9r\u00e9es comme non confidentielles, et devront \u00eatre exactes, licites et ne pas nuire aux int\u00e9r\u00eats des tiers. Enfin, ce Site a fait l&#8217;objet d&#8217;une d\u00e9claration \u00e0 la Commission Nationale de l&#8217;Informatique et des Libert\u00e9s, en application des dispositions de la loi fran\u00e7aise du 6 janvier 1978. Toute personne cit\u00e9e sur une page de ce Site peut exercer ses droits d&#8217;acc\u00e8s, de modification, de rectification ou de suppression des informations la concernant \u00e0 l&#8217;adresse suivante :<\/li>\n<\/ul>\n<\/li>\n<\/ul>\n<p><a href=\"mailto:info@water-taxi.fr\">info@water-taxi.fr<\/a><\/p>\n<\/div><\/div><\/div><\/div><\/div>\n","protected":false},"excerpt":{"rendered":"","protected":false},"author":1,"featured_media":0,"parent":0,"menu_order":0,"comment_status":"closed","ping_status":"closed","template":"","meta":{"inline_featured_image":false,"footnotes":""},"class_list":["post-606","page","type-page","status-publish","hentry"],"_links":{"self":[{"href":"https:\/\/www.water-taxi.fr\/en\/wp-json\/wp\/v2\/pages\/606","targetHints":{"allow":["GET"]}}],"collection":[{"href":"https:\/\/www.water-taxi.fr\/en\/wp-json\/wp\/v2\/pages"}],"about":[{"href":"https:\/\/www.water-taxi.fr\/en\/wp-json\/wp\/v2\/types\/page"}],"author":[{"embeddable":true,"href":"https:\/\/www.water-taxi.fr\/en\/wp-json\/wp\/v2\/users\/1"}],"replies":[{"embeddable":true,"href":"https:\/\/www.water-taxi.fr\/en\/wp-json\/wp\/v2\/comments?post=606"}],"version-history":[{"count":0,"href":"https:\/\/www.water-taxi.fr\/en\/wp-json\/wp\/v2\/pages\/606\/revisions"}],"wp:attachment":[{"href":"https:\/\/www.water-taxi.fr\/en\/wp-json\/wp\/v2\/media?parent=606"}],"curies":[{"name":"wp","href":"https:\/\/api.w.org\/{rel}","templated":true}]}}